{"id":4754,"date":"2024-10-30T10:22:38","date_gmt":"2024-10-30T10:22:38","guid":{"rendered":"https:\/\/hotelcondesdeharo.com\/?page_id=4754"},"modified":"2025-12-31T12:37:45","modified_gmt":"2025-12-31T12:37:45","slug":"hotel-con-parking-en-logrono","status":"publish","type":"page","link":"https:\/\/hotelcondesdeharo.com\/es\/hotel-con-parking-en-logrono\/","title":{"rendered":"PARKING"},"content":{"rendered":"\t\t<div data-elementor-type=\"wp-page\" data-elementor-id=\"4754\" class=\"elementor elementor-4754\">\n\t\t\t\t\t\t<section class=\"elementor-section elementor-top-section elementor-element elementor-element-223ffc92 elementor-section-height-min-height cs-section-content-fullwidth cs_scroll_y_100 cs-parallax-on-scroll elementor-section-boxed elementor-section-height-default elementor-section-items-middle\" data-id=\"223ffc92\" data-element_type=\"section\" data-settings=\"{&quot;background_background&quot;:&quot;classic&quot;}\" data-cs-parallax-y=\"100\" style=\"background-image: none;\" data-cs-background-image=\"https:\/\/hotelcondesdeharo.com\/wp-content\/uploads\/2024\/11\/Hotel-Condes-de-Haro_20_parking.jpg\">\n\t\t\t\t\t\t\t<div class=\"elementor-background-overlay\"><\/div>\n\t\t\t\t\t\t\t<div class=\"elementor-container elementor-column-gap-no\">\n\t\t\t\t\t<div class=\"elementor-column elementor-col-100 elementor-top-column elementor-element elementor-element-6755f0d2 dark-color\" data-id=\"6755f0d2\" data-element_type=\"column\">\n\t\t\t<div class=\"elementor-widget-wrap elementor-element-populated\">\n\t\t\t\t\t\t<div class=\"elementor-element elementor-element-1efed886 elementor-widget elementor-widget-cs_title\" data-id=\"1efed886\" data-element_type=\"widget\" data-widget_type=\"cs_title.default\">\n\t\t\t\t<div class=\"elementor-widget-container\">\n\t\t\t\n        <div class=\"cs-title-wrap text-center\">\t            <div class=\"cs-subtitle-wrap\"><span class=\"cs-subtitle color-white\">Parking<\/span><\/div>\t            <h1 class=\"cs-title color-white\">\n\t                \u00a1No te preocupes por tu coche! Contamos con parking para tu comodidad\t            <\/h1>        <\/div>\t\t<\/div>\n\t\t\t\t<\/div>\n\t\t\t\t\t<\/div>\n\t\t<\/div>\n\t\t\t\t\t<\/div>\n\t\t<\/section>\n\t\t\t\t<section class=\"elementor-section elementor-top-section elementor-element elementor-element-84fee6b elementor-section-boxed elementor-section-height-default elementor-section-height-default\" data-id=\"84fee6b\" data-element_type=\"section\">\n\t\t\t\t\t\t<div class=\"elementor-container elementor-column-gap-no\">\n\t\t\t\t\t<div class=\"elementor-column elementor-col-66 elementor-top-column elementor-element elementor-element-f7a2cf6\" data-id=\"f7a2cf6\" data-element_type=\"column\">\n\t\t\t<div class=\"elementor-widget-wrap elementor-element-populated\">\n\t\t\t\t\t\t<div class=\"elementor-element elementor-element-695bac3 elementor-widget elementor-widget-cs_title\" data-id=\"695bac3\" data-element_type=\"widget\" data-widget_type=\"cs_title.default\">\n\t\t\t\t<div class=\"elementor-widget-container\">\n\t\t\t\n        <div class=\"cs-title-wrap\">\t            <h1 class=\"cs-title\">\n\t                \u00a1Explora La Rioja a tu ritmo!\t            <\/h1>\t            <div class=\"cs-title-text\">\n\t                <p data-sourcepos=\"3:1-3:113\">Tanto si viajas en coche como en bicicleta, contamos con garaje para tu comodidad. Consulta en recepci\u00f3n la disponibilidad y tarifas.<\/p><p data-sourcepos=\"3:1-3:113\">Adem\u00e1s, ofrecemos guarda bicicletas gratuito para que puedas despreocuparte de tu equipo deportivo.<\/p><p data-sourcepos=\"3:1-3:113\">Comienza tu d\u00eda con un delicioso desayuno y preg\u00fantanos por las rutas m\u00e1s interesantes seg\u00fan tus preferencias.<\/p><p data-sourcepos=\"3:1-3:113\">Disfruta de tu estancia en La Rioja.\u00a0<\/p><p data-sourcepos=\"3:1-3:113\">Este servicio tiene un coste adicional, a tu llegada al hotel, puedes consultar la disponibilidad de plaza y el acceso al misto. Estaremos encantados de ayudaros.<\/p>\t            <\/div>        <\/div>\t\t<\/div>\n\t\t\t\t<\/div>\n\t\t\t\t\t<\/div>\n\t\t<\/div>\n\t\t\t\t<div class=\"elementor-column elementor-col-33 elementor-top-column elementor-element elementor-element-5bad838\" data-id=\"5bad838\" data-element_type=\"column\">\n\t\t\t<div class=\"elementor-widget-wrap elementor-element-populated\">\n\t\t\t\t\t\t<section class=\"elementor-section elementor-inner-section elementor-element elementor-element-ee46a1b elementor-section-boxed elementor-section-height-default elementor-section-height-default\" data-id=\"ee46a1b\" data-element_type=\"section\" data-settings=\"{&quot;background_background&quot;:&quot;classic&quot;}\">\n\t\t\t\t\t\t<div class=\"elementor-container elementor-column-gap-no\">\n\t\t\t\t\t<div class=\"elementor-column elementor-col-100 elementor-inner-column elementor-element elementor-element-01522b6\" data-id=\"01522b6\" data-element_type=\"column\">\n\t\t\t<div class=\"elementor-widget-wrap elementor-element-populated\">\n\t\t\t\t\t\t<div class=\"elementor-element elementor-element-ccfaea4 elementor-widget elementor-widget-cs_title\" data-id=\"ccfaea4\" data-element_type=\"widget\" data-widget_type=\"cs_title.default\">\n\t\t\t\t<div class=\"elementor-widget-container\">\n\t\t\t\n        <div class=\"cs-title-wrap\">\t            <h6 class=\"cs-title\">\n\t                M\u00e1s informaci\u00f3n\t            <\/h6>        <\/div>\t\t<\/div>\n\t\t\t\t<\/div>\n\t\t\t\t<div class=\"elementor-element elementor-element-db57847 elementor-widget elementor-widget-spacer\" data-id=\"db57847\" data-element_type=\"widget\" data-widget_type=\"spacer.default\">\n\t\t\t\t<div class=\"elementor-widget-container\">\n\t\t\t\t\t<div class=\"elementor-spacer\">\n\t\t\t<div class=\"elementor-spacer-inner\"><\/div>\n\t\t<\/div>\n\t\t\t\t<\/div>\n\t\t\t\t<\/div>\n\t\t\t\t\t<\/div>\n\t\t<\/div>\n\t\t\t\t\t<\/div>\n\t\t<\/section>\n\t\t\t\t<div class=\"elementor-element elementor-element-f1f70c7 elementor-widget elementor-widget-cs_list\" data-id=\"f1f70c7\" data-element_type=\"widget\" data-widget_type=\"cs_list.default\">\n\t\t\t\t<div class=\"elementor-widget-container\">\n\t\t\t\n            <ul class=\"cs-list cs-list-type-unordered with-border\">                <li>                        <span class=\"list-icon color-primary\">\n                            <svg aria-hidden=\"true\" class=\"e-font-icon-svg e-fas-circle\" viewBox=\"0 0 512 512\" xmlns=\"http:\/\/www.w3.org\/2000\/svg\"><path d=\"M256 8C119 8 8 119 8 256s111 248 248 248 248-111 248-248S393 8 256 8z\"><\/path><\/svg>                        <\/span>                    <span class=\"list-content\">Aforo m\u00e1ximo: 18 veh\u00edculos<\/span>                <\/li>                <li>                        <span class=\"list-icon color-primary\">\n                            <svg aria-hidden=\"true\" class=\"e-font-icon-svg e-fas-circle\" viewBox=\"0 0 512 512\" xmlns=\"http:\/\/www.w3.org\/2000\/svg\"><path d=\"M256 8C119 8 8 119 8 256s111 248 248 248 248-111 248-248S393 8 256 8z\"><\/path><\/svg>                        <\/span>                    <span class=\"list-content\">Precio por d\u00eda: 16,00\u20ac<\/span>                <\/li>                <li>                        <span class=\"list-icon color-primary\">\n                            <svg aria-hidden=\"true\" class=\"e-font-icon-svg e-fas-circle\" viewBox=\"0 0 512 512\" xmlns=\"http:\/\/www.w3.org\/2000\/svg\"><path d=\"M256 8C119 8 8 119 8 256s111 248 248 248 248-111 248-248S393 8 256 8z\"><\/path><\/svg>                        <\/span>                    <span class=\"list-content\">Disponible todos los d\u00edas del a\u00f1o<\/span>                <\/li>            <\/ul>\t\t<\/div>\n\t\t\t\t<\/div>\n\t\t\t\t\t<\/div>\n\t\t<\/div>\n\t\t\t\t\t<\/div>\n\t\t<\/section>\n\t\t\t\t<section class=\"elementor-section elementor-top-section elementor-element elementor-element-8720974 elementor-section-full_width elementor-section-content-middle animated-slow elementor-section-height-default elementor-section-height-default elementor-invisible\" data-id=\"8720974\" data-element_type=\"section\" data-settings=\"{&quot;background_background&quot;:&quot;classic&quot;,&quot;animation&quot;:&quot;fadeIn&quot;,&quot;animation_delay&quot;:150}\">\n\t\t\t\t\t\t<div class=\"elementor-container elementor-column-gap-no\">\n\t\t\t\t\t<div class=\"elementor-column elementor-col-100 elementor-top-column elementor-element elementor-element-fff45a5\" data-id=\"fff45a5\" data-element_type=\"column\">\n\t\t\t<div class=\"elementor-widget-wrap elementor-element-populated\">\n\t\t\t\t\t\t<div class=\"elementor-element elementor-element-933c77d elementor-widget elementor-widget-html\" data-id=\"933c77d\" data-element_type=\"widget\" data-widget_type=\"html.default\">\n\t\t\t\t<div class=\"elementor-widget-container\">\n\t\t\t\n<iframe src=\"https:\/\/tourmkr.com\/F1460bc6Rz\/43888282p&0.25h&90.3t\" width=\"100%\" height=\"800\"><\/iframe>\t\t<\/div>\n\t\t\t\t<\/div>\n\t\t\t\t<div class=\"elementor-element elementor-element-80299dd elementor-widget elementor-widget-spacer\" data-id=\"80299dd\" data-element_type=\"widget\" data-widget_type=\"spacer.default\">\n\t\t\t\t<div class=\"elementor-widget-container\">\n\t\t\t\t\t<div class=\"elementor-spacer\">\n\t\t\t<div class=\"elementor-spacer-inner\"><\/div>\n\t\t<\/div>\n\t\t\t\t<\/div>\n\t\t\t\t<\/div>\n\t\t\t\t\t<\/div>\n\t\t<\/div>\n\t\t\t\t\t<\/div>\n\t\t<\/section>\n\t\t\t\t<section class=\"elementor-section elementor-top-section elementor-element elementor-element-7559321 elementor-section-content-middle elementor-reverse-tablet elementor-reverse-mobile elementor-section-boxed elementor-section-height-default elementor-section-height-default\" data-id=\"7559321\" data-element_type=\"section\" data-settings=\"{&quot;background_background&quot;:&quot;classic&quot;}\">\n\t\t\t\t\t\t<div class=\"elementor-container elementor-column-gap-no\">\n\t\t\t\t\t<div class=\"elementor-column elementor-col-50 elementor-top-column elementor-element elementor-element-0693d86\" data-id=\"0693d86\" data-element_type=\"column\">\n\t\t\t<div class=\"elementor-widget-wrap elementor-element-populated\">\n\t\t\t\t\t\t<div class=\"elementor-element elementor-element-2d0b86b elementor-widget elementor-widget-cs_title\" data-id=\"2d0b86b\" data-element_type=\"widget\" data-widget_type=\"cs_title.default\">\n\t\t\t\t<div class=\"elementor-widget-container\">\n\t\t\t\n        <div class=\"cs-title-wrap\">\t            <div class=\"cs-subtitle-wrap\"><span class=\"cs-subtitle\">Guarda bicicletas en nuestro parking<\/span><\/div>\t            <h3 class=\"cs-title\">\n\t                \u00a1Ultreya peregrino!\t            <\/h3>\t            <div class=\"cs-title-text\">\n\t                <p>El Camino de Santiago te espera tras un descanso reparador en nuestro hotel. Sabemos lo importante que es tu bicicleta, por eso contamos con un servicio gratuito de guarda bicicletas para que puedas seguir tu camino con tranquilidad.\u00a0<\/p>\t            <\/div>        <\/div>\t\t<\/div>\n\t\t\t\t<\/div>\n\t\t\t\t\t<\/div>\n\t\t<\/div>\n\t\t\t\t<div class=\"elementor-column elementor-col-50 elementor-top-column elementor-element elementor-element-ed312c0\" data-id=\"ed312c0\" data-element_type=\"column\">\n\t\t\t<div class=\"elementor-widget-wrap elementor-element-populated\">\n\t\t\t\t\t\t<div class=\"elementor-element elementor-element-758d0cb elementor-widget elementor-widget-image\" data-id=\"758d0cb\" data-element_type=\"widget\" data-widget_type=\"image.default\">\n\t\t\t\t<div class=\"elementor-widget-container\">\n\t\t\t\t\t\t\t\t\t\t\t\t\t<img fetchpriority=\"high\" decoding=\"async\" width=\"700\" height=\"1000\" src=\"https:\/\/hotelcondesdeharo.com\/wp-content\/uploads\/2024\/10\/Guarda-bicicletas.jpg\" class=\"attachment-full size-full wp-image-4766\" alt=\"\" srcset=\"https:\/\/hotelcondesdeharo.com\/wp-content\/uploads\/2024\/10\/Guarda-bicicletas.jpg 700w, https:\/\/hotelcondesdeharo.com\/wp-content\/uploads\/2024\/10\/Guarda-bicicletas-210x300.jpg 210w, https:\/\/hotelcondesdeharo.com\/wp-content\/uploads\/2024\/10\/Guarda-bicicletas-600x857.jpg 600w, https:\/\/hotelcondesdeharo.com\/wp-content\/uploads\/2024\/10\/Guarda-bicicletas-550x786.jpg 550w, https:\/\/hotelcondesdeharo.com\/wp-content\/uploads\/2024\/10\/Guarda-bicicletas-370x529.jpg 370w, https:\/\/hotelcondesdeharo.com\/wp-content\/uploads\/2024\/10\/Guarda-bicicletas-255x364.jpg 255w\" sizes=\"(max-width: 700px) 100vw, 700px\" \/>\t\t\t\t\t\t\t\t\t\t\t\t\t<\/div>\n\t\t\t\t<\/div>\n\t\t\t\t\t<\/div>\n\t\t<\/div>\n\t\t\t\t\t<\/div>\n\t\t<\/section>\n\t\t\t\t<\/div>\n\t\t","protected":false},"excerpt":{"rendered":"<p>Parking \u00a1No te preocupes por tu coche! Contamos con parking para tu comodidad \u00a1Explora La Rioja a tu ritmo! Tanto si viajas en coche como en bicicleta, contamos con garaje para tu comodidad. Consulta en recepci\u00f3n la disponibilidad y tarifas. Adem\u00e1s, ofrecemos guarda bicicletas gratuito para que puedas despreocuparte de tu equipo deportivo. Comienza tu &#8230;<\/p>\n","protected":false},"author":1,"featured_media":5998,"parent":0,"menu_order":0,"comment_status":"closed","ping_status":"closed","template":"elementor_header_footer","meta":{"cozystay_single_page_hide_site_header":"","cozystay_single_page_site_header_source":"","cozystay_single_page_custom_site_header":"","cozystay_single_page_custom_sticky_site_header":"","cozystay_single_page_hide_page_title":"on","cozystay_single_page_header_section_size":"","cozystay_single_page_header_background_color":"","cozystay_single_page_header_background_position_x":"center","cozystay_single_page_header_background_position_y":"center","cozystay_single_page_header_background_size":"cover","cozystay_single_page_header_background_repeat":"off","cozystay_single_page_header_background_scroll":"on","cozystay_single_page_header_text_color":"","cozystay_single_page_header_show_breadcrumb":"","cozystay_single_page_site_footer_hide_main":"","cozystay_single_custom_site_footer_main_source":"","cozystay_single_custom_site_footer_main":"","cozystay_single_page_site_footer_hide_above":"","cozystay_single_custom_site_footer_above_source":"","cozystay_single_custom_site_footer_above":"","cozystay_single_page_site_footer_hide_instagram":"","cozystay_single_page_site_footer_hide_bottom":"","cozystay_single_custom_mobile_menu_source":"","cozystay_single_custom_mobile_menu":"","cozystay_single_custom_mobile_menu_animation":"","cozystay_single_custom_mobile_menu_width":"","cozystay_single_custom_mobile_menu_custom_width":375,"footnotes":""},"class_list":["post-4754","page","type-page","status-publish","has-post-thumbnail","hentry"],"yoast_head":"<!-- This site is optimized with the Yoast SEO plugin v23.9 - https:\/\/yoast.com\/wordpress\/plugins\/seo\/ -->\n<title>Hotel con Parking en Logro\u00f1o | Hotel Condes de Haro en Logro\u00f1o<\/title>\n<meta name=\"description\" content=\"Nuestro hotel con parking en Logro\u00f1o en pleno centro de la ciudad. Disfruta de Logro\u00f1o y La Rioja sin preocupaciones por tu coche.\" \/>\n<meta name=\"robots\" content=\"index, follow, max-snippet:-1, max-image-preview:large, max-video-preview:-1\" \/>\n<link rel=\"canonical\" href=\"https:\/\/hotelcondesdeharo.com\/es\/hotel-con-parking-en-logrono\/\" \/>\n<meta property=\"og:locale\" content=\"es_ES\" \/>\n<meta property=\"og:type\" content=\"article\" \/>\n<meta property=\"og:title\" content=\"Hotel con Parking en Logro\u00f1o | Hotel Condes de Haro en Logro\u00f1o\" \/>\n<meta property=\"og:description\" content=\"Nuestro hotel con parking en Logro\u00f1o en pleno centro de la ciudad. Disfruta de Logro\u00f1o y La Rioja sin preocupaciones por tu coche.\" \/>\n<meta property=\"og:url\" content=\"https:\/\/hotelcondesdeharo.com\/es\/hotel-con-parking-en-logrono\/\" \/>\n<meta property=\"og:site_name\" content=\"Hotel Condes de Haro en Logro\u00f1o\" \/>\n<meta property=\"article:modified_time\" content=\"2025-12-31T12:37:45+00:00\" \/>\n<meta property=\"og:image\" content=\"https:\/\/hotelcondesdeharo.com\/wp-content\/uploads\/2024\/11\/FACHADA-HOTEL-1.jpg\" \/>\n\t<meta property=\"og:image:width\" content=\"1469\" \/>\n\t<meta property=\"og:image:height\" content=\"935\" \/>\n\t<meta property=\"og:image:type\" content=\"image\/jpeg\" \/>\n<meta name=\"twitter:card\" content=\"summary_large_image\" \/>\n<meta name=\"twitter:label1\" content=\"Tiempo de lectura\" \/>\n\t<meta name=\"twitter:data1\" content=\"1 minuto\" \/>\n<script type=\"application\/ld+json\" class=\"yoast-schema-graph\">{\"@context\":\"https:\/\/schema.org\",\"@graph\":[{\"@type\":\"WebPage\",\"@id\":\"https:\/\/hotelcondesdeharo.com\/es\/hotel-con-parking-en-logrono\/\",\"url\":\"https:\/\/hotelcondesdeharo.com\/es\/hotel-con-parking-en-logrono\/\",\"name\":\"Hotel con Parking en Logro\u00f1o | Hotel Condes de Haro en Logro\u00f1o\",\"isPartOf\":{\"@id\":\"https:\/\/hotelcondesdeharo.com\/es\/#website\"},\"primaryImageOfPage\":{\"@id\":\"https:\/\/hotelcondesdeharo.com\/es\/hotel-con-parking-en-logrono\/#primaryimage\"},\"image\":{\"@id\":\"https:\/\/hotelcondesdeharo.com\/es\/hotel-con-parking-en-logrono\/#primaryimage\"},\"thumbnailUrl\":\"https:\/\/hotelcondesdeharo.com\/wp-content\/uploads\/2024\/11\/FACHADA-HOTEL-1.jpg\",\"datePublished\":\"2024-10-30T10:22:38+00:00\",\"dateModified\":\"2025-12-31T12:37:45+00:00\",\"description\":\"Nuestro hotel con parking en Logro\u00f1o en pleno centro de la ciudad. Disfruta de Logro\u00f1o y La Rioja sin preocupaciones por tu coche.\",\"breadcrumb\":{\"@id\":\"https:\/\/hotelcondesdeharo.com\/es\/hotel-con-parking-en-logrono\/#breadcrumb\"},\"inLanguage\":\"es\",\"potentialAction\":[{\"@type\":\"ReadAction\",\"target\":[\"https:\/\/hotelcondesdeharo.com\/es\/hotel-con-parking-en-logrono\/\"]}]},{\"@type\":\"ImageObject\",\"inLanguage\":\"es\",\"@id\":\"https:\/\/hotelcondesdeharo.com\/es\/hotel-con-parking-en-logrono\/#primaryimage\",\"url\":\"https:\/\/hotelcondesdeharo.com\/wp-content\/uploads\/2024\/11\/FACHADA-HOTEL-1.jpg\",\"contentUrl\":\"https:\/\/hotelcondesdeharo.com\/wp-content\/uploads\/2024\/11\/FACHADA-HOTEL-1.jpg\",\"width\":1469,\"height\":935,\"caption\":\"Hotel con parking en Logro\u00f1o\"},{\"@type\":\"BreadcrumbList\",\"@id\":\"https:\/\/hotelcondesdeharo.com\/es\/hotel-con-parking-en-logrono\/#breadcrumb\",\"itemListElement\":[{\"@type\":\"ListItem\",\"position\":1,\"name\":\"Portada\",\"item\":\"https:\/\/hotelcondesdeharo.com\/es\/\"},{\"@type\":\"ListItem\",\"position\":2,\"name\":\"PARKING\"}]},{\"@type\":\"WebSite\",\"@id\":\"https:\/\/hotelcondesdeharo.com\/es\/#website\",\"url\":\"https:\/\/hotelcondesdeharo.com\/es\/\",\"name\":\"Hotel Condes de Haro en Logro\u00f1o\",\"description\":\"Hotel en Logro\u00f1o\",\"publisher\":{\"@id\":\"https:\/\/hotelcondesdeharo.com\/es\/#organization\"},\"potentialAction\":[{\"@type\":\"SearchAction\",\"target\":{\"@type\":\"EntryPoint\",\"urlTemplate\":\"https:\/\/hotelcondesdeharo.com\/es\/?s={search_term_string}\"},\"query-input\":{\"@type\":\"PropertyValueSpecification\",\"valueRequired\":true,\"valueName\":\"search_term_string\"}}],\"inLanguage\":\"es\"},{\"@type\":\"Organization\",\"@id\":\"https:\/\/hotelcondesdeharo.com\/es\/#organization\",\"name\":\"Hotel Condes de Haro en Logro\u00f1o\",\"url\":\"https:\/\/hotelcondesdeharo.com\/es\/\",\"logo\":{\"@type\":\"ImageObject\",\"inLanguage\":\"es\",\"@id\":\"https:\/\/hotelcondesdeharo.com\/es\/#\/schema\/logo\/image\/\",\"url\":\"https:\/\/hotelcondesdeharo.com\/wp-content\/uploads\/2024\/09\/Hotel-Condes-de-Haro_ayudas-web__LOGO-HORIZONTAL_BLANCO.png\",\"contentUrl\":\"https:\/\/hotelcondesdeharo.com\/wp-content\/uploads\/2024\/09\/Hotel-Condes-de-Haro_ayudas-web__LOGO-HORIZONTAL_BLANCO.png\",\"width\":444,\"height\":52,\"caption\":\"Hotel Condes de Haro en Logro\u00f1o\"},\"image\":{\"@id\":\"https:\/\/hotelcondesdeharo.com\/es\/#\/schema\/logo\/image\/\"}}]}<\/script>\n<!-- \/ Yoast SEO plugin. -->","yoast_head_json":{"title":"Hotel con Parking en Logro\u00f1o | Hotel Condes de Haro en Logro\u00f1o","description":"Nuestro hotel con parking en Logro\u00f1o en pleno centro de la ciudad. Disfruta de Logro\u00f1o y La Rioja sin preocupaciones por tu coche.","robots":{"index":"index","follow":"follow","max-snippet":"max-snippet:-1","max-image-preview":"max-image-preview:large","max-video-preview":"max-video-preview:-1"},"canonical":"https:\/\/hotelcondesdeharo.com\/es\/hotel-con-parking-en-logrono\/","og_locale":"es_ES","og_type":"article","og_title":"Hotel con Parking en Logro\u00f1o | Hotel Condes de Haro en Logro\u00f1o","og_description":"Nuestro hotel con parking en Logro\u00f1o en pleno centro de la ciudad. Disfruta de Logro\u00f1o y La Rioja sin preocupaciones por tu coche.","og_url":"https:\/\/hotelcondesdeharo.com\/es\/hotel-con-parking-en-logrono\/","og_site_name":"Hotel Condes de Haro en Logro\u00f1o","article_modified_time":"2025-12-31T12:37:45+00:00","og_image":[{"width":1469,"height":935,"url":"https:\/\/hotelcondesdeharo.com\/wp-content\/uploads\/2024\/11\/FACHADA-HOTEL-1.jpg","type":"image\/jpeg"}],"twitter_card":"summary_large_image","twitter_misc":{"Tiempo de lectura":"1 minuto"},"schema":{"@context":"https:\/\/schema.org","@graph":[{"@type":"WebPage","@id":"https:\/\/hotelcondesdeharo.com\/es\/hotel-con-parking-en-logrono\/","url":"https:\/\/hotelcondesdeharo.com\/es\/hotel-con-parking-en-logrono\/","name":"Hotel con Parking en Logro\u00f1o | Hotel Condes de Haro en Logro\u00f1o","isPartOf":{"@id":"https:\/\/hotelcondesdeharo.com\/es\/#website"},"primaryImageOfPage":{"@id":"https:\/\/hotelcondesdeharo.com\/es\/hotel-con-parking-en-logrono\/#primaryimage"},"image":{"@id":"https:\/\/hotelcondesdeharo.com\/es\/hotel-con-parking-en-logrono\/#primaryimage"},"thumbnailUrl":"https:\/\/hotelcondesdeharo.com\/wp-content\/uploads\/2024\/11\/FACHADA-HOTEL-1.jpg","datePublished":"2024-10-30T10:22:38+00:00","dateModified":"2025-12-31T12:37:45+00:00","description":"Nuestro hotel con parking en Logro\u00f1o en pleno centro de la ciudad. Disfruta de Logro\u00f1o y La Rioja sin preocupaciones por tu coche.","breadcrumb":{"@id":"https:\/\/hotelcondesdeharo.com\/es\/hotel-con-parking-en-logrono\/#breadcrumb"},"inLanguage":"es","potentialAction":[{"@type":"ReadAction","target":["https:\/\/hotelcondesdeharo.com\/es\/hotel-con-parking-en-logrono\/"]}]},{"@type":"ImageObject","inLanguage":"es","@id":"https:\/\/hotelcondesdeharo.com\/es\/hotel-con-parking-en-logrono\/#primaryimage","url":"https:\/\/hotelcondesdeharo.com\/wp-content\/uploads\/2024\/11\/FACHADA-HOTEL-1.jpg","contentUrl":"https:\/\/hotelcondesdeharo.com\/wp-content\/uploads\/2024\/11\/FACHADA-HOTEL-1.jpg","width":1469,"height":935,"caption":"Hotel con parking en Logro\u00f1o"},{"@type":"BreadcrumbList","@id":"https:\/\/hotelcondesdeharo.com\/es\/hotel-con-parking-en-logrono\/#breadcrumb","itemListElement":[{"@type":"ListItem","position":1,"name":"Portada","item":"https:\/\/hotelcondesdeharo.com\/es\/"},{"@type":"ListItem","position":2,"name":"PARKING"}]},{"@type":"WebSite","@id":"https:\/\/hotelcondesdeharo.com\/es\/#website","url":"https:\/\/hotelcondesdeharo.com\/es\/","name":"Hotel Condes de Haro en Logro\u00f1o","description":"Hotel en Logro\u00f1o","publisher":{"@id":"https:\/\/hotelcondesdeharo.com\/es\/#organization"},"potentialAction":[{"@type":"SearchAction","target":{"@type":"EntryPoint","urlTemplate":"https:\/\/hotelcondesdeharo.com\/es\/?s={search_term_string}"},"query-input":{"@type":"PropertyValueSpecification","valueRequired":true,"valueName":"search_term_string"}}],"inLanguage":"es"},{"@type":"Organization","@id":"https:\/\/hotelcondesdeharo.com\/es\/#organization","name":"Hotel Condes de Haro en Logro\u00f1o","url":"https:\/\/hotelcondesdeharo.com\/es\/","logo":{"@type":"ImageObject","inLanguage":"es","@id":"https:\/\/hotelcondesdeharo.com\/es\/#\/schema\/logo\/image\/","url":"https:\/\/hotelcondesdeharo.com\/wp-content\/uploads\/2024\/09\/Hotel-Condes-de-Haro_ayudas-web__LOGO-HORIZONTAL_BLANCO.png","contentUrl":"https:\/\/hotelcondesdeharo.com\/wp-content\/uploads\/2024\/09\/Hotel-Condes-de-Haro_ayudas-web__LOGO-HORIZONTAL_BLANCO.png","width":444,"height":52,"caption":"Hotel Condes de Haro en Logro\u00f1o"},"image":{"@id":"https:\/\/hotelcondesdeharo.com\/es\/#\/schema\/logo\/image\/"}}]}},"_links":{"self":[{"href":"https:\/\/hotelcondesdeharo.com\/es\/wp-json\/wp\/v2\/pages\/4754","targetHints":{"allow":["GET"]}}],"collection":[{"href":"https:\/\/hotelcondesdeharo.com\/es\/wp-json\/wp\/v2\/pages"}],"about":[{"href":"https:\/\/hotelcondesdeharo.com\/es\/wp-json\/wp\/v2\/types\/page"}],"author":[{"embeddable":true,"href":"https:\/\/hotelcondesdeharo.com\/es\/wp-json\/wp\/v2\/users\/1"}],"replies":[{"embeddable":true,"href":"https:\/\/hotelcondesdeharo.com\/es\/wp-json\/wp\/v2\/comments?post=4754"}],"version-history":[{"count":53,"href":"https:\/\/hotelcondesdeharo.com\/es\/wp-json\/wp\/v2\/pages\/4754\/revisions"}],"predecessor-version":[{"id":7240,"href":"https:\/\/hotelcondesdeharo.com\/es\/wp-json\/wp\/v2\/pages\/4754\/revisions\/7240"}],"wp:featuredmedia":[{"embeddable":true,"href":"https:\/\/hotelcondesdeharo.com\/es\/wp-json\/wp\/v2\/media\/5998"}],"wp:attachment":[{"href":"https:\/\/hotelcondesdeharo.com\/es\/wp-json\/wp\/v2\/media?parent=4754"}],"curies":[{"name":"wp","href":"https:\/\/api.w.org\/{rel}","templated":true}]}}