{"id":6783,"date":"2024-11-11T09:56:47","date_gmt":"2024-11-11T09:56:47","guid":{"rendered":"https:\/\/hotelcondesdeharo.com\/bienvenidos-al-hotel-condes-haro\/"},"modified":"2024-11-20T07:44:51","modified_gmt":"2024-11-20T07:44:51","slug":"bienvenidos-al-hotel-condes-haro","status":"publish","type":"page","link":"https:\/\/hotelcondesdeharo.com\/fr\/bienvenidos-al-hotel-condes-haro\/","title":{"rendered":"BIENVENUE \u00c0 L&rsquo;H\u00d4TEL CONDES DE HARO"},"content":{"rendered":"\t\t<div data-elementor-type=\"wp-page\" data-elementor-id=\"6783\" class=\"elementor elementor-6783 elementor-5705\">\n\t\t\t\t<div class=\"elementor-element elementor-element-b495a82 e-flex e-con-boxed e-con e-parent\" data-id=\"b495a82\" data-element_type=\"container\">\n\t\t\t\t\t<div class=\"e-con-inner\">\n\t\t\t\t<div class=\"elementor-element elementor-element-7b32d89 elementor-widget elementor-widget-spacer\" data-id=\"7b32d89\" data-element_type=\"widget\" data-widget_type=\"spacer.default\">\n\t\t\t\t<div class=\"elementor-widget-container\">\n\t\t\t\t\t<div class=\"elementor-spacer\">\n\t\t\t<div class=\"elementor-spacer-inner\"><\/div>\n\t\t<\/div>\n\t\t\t\t<\/div>\n\t\t\t\t<\/div>\n\t\t\t\t<div class=\"elementor-element elementor-element-d26ea14 elementor-widget elementor-widget-heading\" data-id=\"d26ea14\" data-element_type=\"widget\" data-widget_type=\"heading.default\">\n\t\t\t\t<div class=\"elementor-widget-container\">\n\t\t\t<h2 class=\"elementor-heading-title elementor-size-default\">Bienvenidos al Hotel Condes de Haro\nwww.hotelcondesdeharo.com<\/h2>\t\t<\/div>\n\t\t\t\t<\/div>\n\t\t\t\t<div class=\"elementor-element elementor-element-dc41cc8 elementor-widget elementor-widget-shortcode\" data-id=\"dc41cc8\" data-element_type=\"widget\" data-widget_type=\"shortcode.default\">\n\t\t\t\t<div class=\"elementor-widget-container\">\n\t\t\t\t\t<div class=\"elementor-shortcode\"><p class=\"wpcf7-contact-form-not-found\"><strong>Erreur\u00a0:<\/strong> Formulaire de contact non trouv\u00e9\u00a0!<\/p><\/div>\n\t\t\t\t<\/div>\n\t\t\t\t<\/div>\n\t\t\t\t\t<\/div>\n\t\t\t\t<\/div>\n\t\t\t\t<\/div>\n\t\t","protected":false},"excerpt":{"rendered":"<p>Bienvenidos al Hotel Condes de Haro www.hotelcondesdeharo.com<\/p>\n","protected":false},"author":1,"featured_media":0,"parent":0,"menu_order":0,"comment_status":"closed","ping_status":"closed","template":"elementor_header_footer","meta":{"cozystay_single_page_hide_site_header":"","cozystay_single_page_site_header_source":"","cozystay_single_page_custom_site_header":"","cozystay_single_page_custom_sticky_site_header":"","cozystay_single_page_hide_page_title":"","cozystay_single_page_header_section_size":"","cozystay_single_page_header_background_color":"","cozystay_single_page_header_background_position_x":"center","cozystay_single_page_header_background_position_y":"center","cozystay_single_page_header_background_size":"cover","cozystay_single_page_header_background_repeat":"off","cozystay_single_page_header_background_scroll":"on","cozystay_single_page_header_text_color":"","cozystay_single_page_header_show_breadcrumb":"","cozystay_single_page_site_footer_hide_main":"","cozystay_single_custom_site_footer_main_source":"","cozystay_single_custom_site_footer_main":"","cozystay_single_page_site_footer_hide_above":"","cozystay_single_custom_site_footer_above_source":"","cozystay_single_custom_site_footer_above":"","cozystay_single_page_site_footer_hide_instagram":"","cozystay_single_page_site_footer_hide_bottom":"","cozystay_single_custom_mobile_menu_source":"","cozystay_single_custom_mobile_menu":"","cozystay_single_custom_mobile_menu_animation":"","cozystay_single_custom_mobile_menu_width":"","cozystay_single_custom_mobile_menu_custom_width":375,"footnotes":""},"class_list":["post-6783","page","type-page","status-publish","hentry"],"yoast_head":"<!-- This site is optimized with the Yoast SEO plugin v23.9 - https:\/\/yoast.com\/wordpress\/plugins\/seo\/ -->\n<title>BIENVENUE \u00c0 L&#039;H\u00d4TEL CONDES DE HARO - Hotel Condes de Haro en Logro\u00f1o<\/title>\n<meta name=\"robots\" content=\"index, follow, max-snippet:-1, max-image-preview:large, max-video-preview:-1\" \/>\n<link rel=\"canonical\" href=\"https:\/\/hotelcondesdeharo.com\/fr\/bienvenidos-al-hotel-condes-haro\/\" \/>\n<meta property=\"og:locale\" content=\"fr_FR\" \/>\n<meta property=\"og:type\" content=\"article\" \/>\n<meta property=\"og:title\" content=\"BIENVENUE \u00c0 L&#039;H\u00d4TEL CONDES DE HARO - Hotel Condes de Haro en Logro\u00f1o\" \/>\n<meta property=\"og:description\" content=\"Bienvenidos al Hotel Condes de Haro www.hotelcondesdeharo.com\" \/>\n<meta property=\"og:url\" content=\"https:\/\/hotelcondesdeharo.com\/fr\/bienvenidos-al-hotel-condes-haro\/\" \/>\n<meta property=\"og:site_name\" content=\"Hotel Condes de Haro en Logro\u00f1o\" \/>\n<meta property=\"article:modified_time\" content=\"2024-11-20T07:44:51+00:00\" \/>\n<meta name=\"twitter:card\" content=\"summary_large_image\" \/>\n<meta name=\"twitter:label1\" content=\"Dur\u00e9e de lecture estim\u00e9e\" \/>\n\t<meta name=\"twitter:data1\" content=\"1 minute\" \/>\n<script type=\"application\/ld+json\" class=\"yoast-schema-graph\">{\"@context\":\"https:\/\/schema.org\",\"@graph\":[{\"@type\":\"WebPage\",\"@id\":\"https:\/\/hotelcondesdeharo.com\/fr\/bienvenidos-al-hotel-condes-haro\/\",\"url\":\"https:\/\/hotelcondesdeharo.com\/fr\/bienvenidos-al-hotel-condes-haro\/\",\"name\":\"BIENVENUE \u00c0 L'H\u00d4TEL CONDES DE HARO - Hotel Condes de Haro en Logro\u00f1o\",\"isPartOf\":{\"@id\":\"https:\/\/hotelcondesdeharo.com\/fr\/#website\"},\"datePublished\":\"2024-11-11T09:56:47+00:00\",\"dateModified\":\"2024-11-20T07:44:51+00:00\",\"breadcrumb\":{\"@id\":\"https:\/\/hotelcondesdeharo.com\/fr\/bienvenidos-al-hotel-condes-haro\/#breadcrumb\"},\"inLanguage\":\"fr-FR\",\"potentialAction\":[{\"@type\":\"ReadAction\",\"target\":[\"https:\/\/hotelcondesdeharo.com\/fr\/bienvenidos-al-hotel-condes-haro\/\"]}]},{\"@type\":\"BreadcrumbList\",\"@id\":\"https:\/\/hotelcondesdeharo.com\/fr\/bienvenidos-al-hotel-condes-haro\/#breadcrumb\",\"itemListElement\":[{\"@type\":\"ListItem\",\"position\":1,\"name\":\"Portada\",\"item\":\"https:\/\/hotelcondesdeharo.com\/fr\/\"},{\"@type\":\"ListItem\",\"position\":2,\"name\":\"BIENVENUE \u00c0 L&rsquo;H\u00d4TEL CONDES DE HARO\"}]},{\"@type\":\"WebSite\",\"@id\":\"https:\/\/hotelcondesdeharo.com\/fr\/#website\",\"url\":\"https:\/\/hotelcondesdeharo.com\/fr\/\",\"name\":\"Hotel Condes de Haro en Logro\u00f1o\",\"description\":\"Hotel en Logro\u00f1o\",\"publisher\":{\"@id\":\"https:\/\/hotelcondesdeharo.com\/fr\/#organization\"},\"potentialAction\":[{\"@type\":\"SearchAction\",\"target\":{\"@type\":\"EntryPoint\",\"urlTemplate\":\"https:\/\/hotelcondesdeharo.com\/fr\/?s={search_term_string}\"},\"query-input\":{\"@type\":\"PropertyValueSpecification\",\"valueRequired\":true,\"valueName\":\"search_term_string\"}}],\"inLanguage\":\"fr-FR\"},{\"@type\":\"Organization\",\"@id\":\"https:\/\/hotelcondesdeharo.com\/fr\/#organization\",\"name\":\"Hotel Condes de Haro en Logro\u00f1o\",\"url\":\"https:\/\/hotelcondesdeharo.com\/fr\/\",\"logo\":{\"@type\":\"ImageObject\",\"inLanguage\":\"fr-FR\",\"@id\":\"https:\/\/hotelcondesdeharo.com\/fr\/#\/schema\/logo\/image\/\",\"url\":\"https:\/\/hotelcondesdeharo.com\/wp-content\/uploads\/2024\/09\/Hotel-Condes-de-Haro_ayudas-web__LOGO-HORIZONTAL_BLANCO.png\",\"contentUrl\":\"https:\/\/hotelcondesdeharo.com\/wp-content\/uploads\/2024\/09\/Hotel-Condes-de-Haro_ayudas-web__LOGO-HORIZONTAL_BLANCO.png\",\"width\":444,\"height\":52,\"caption\":\"Hotel Condes de Haro en Logro\u00f1o\"},\"image\":{\"@id\":\"https:\/\/hotelcondesdeharo.com\/fr\/#\/schema\/logo\/image\/\"}}]}<\/script>\n<!-- \/ Yoast SEO plugin. -->","yoast_head_json":{"title":"BIENVENUE \u00c0 L'H\u00d4TEL CONDES DE HARO - Hotel Condes de Haro en Logro\u00f1o","robots":{"index":"index","follow":"follow","max-snippet":"max-snippet:-1","max-image-preview":"max-image-preview:large","max-video-preview":"max-video-preview:-1"},"canonical":"https:\/\/hotelcondesdeharo.com\/fr\/bienvenidos-al-hotel-condes-haro\/","og_locale":"fr_FR","og_type":"article","og_title":"BIENVENUE \u00c0 L'H\u00d4TEL CONDES DE HARO - Hotel Condes de Haro en Logro\u00f1o","og_description":"Bienvenidos al Hotel Condes de Haro www.hotelcondesdeharo.com","og_url":"https:\/\/hotelcondesdeharo.com\/fr\/bienvenidos-al-hotel-condes-haro\/","og_site_name":"Hotel Condes de Haro en Logro\u00f1o","article_modified_time":"2024-11-20T07:44:51+00:00","twitter_card":"summary_large_image","twitter_misc":{"Dur\u00e9e de lecture estim\u00e9e":"1 minute"},"schema":{"@context":"https:\/\/schema.org","@graph":[{"@type":"WebPage","@id":"https:\/\/hotelcondesdeharo.com\/fr\/bienvenidos-al-hotel-condes-haro\/","url":"https:\/\/hotelcondesdeharo.com\/fr\/bienvenidos-al-hotel-condes-haro\/","name":"BIENVENUE \u00c0 L'H\u00d4TEL CONDES DE HARO - Hotel Condes de Haro en Logro\u00f1o","isPartOf":{"@id":"https:\/\/hotelcondesdeharo.com\/fr\/#website"},"datePublished":"2024-11-11T09:56:47+00:00","dateModified":"2024-11-20T07:44:51+00:00","breadcrumb":{"@id":"https:\/\/hotelcondesdeharo.com\/fr\/bienvenidos-al-hotel-condes-haro\/#breadcrumb"},"inLanguage":"fr-FR","potentialAction":[{"@type":"ReadAction","target":["https:\/\/hotelcondesdeharo.com\/fr\/bienvenidos-al-hotel-condes-haro\/"]}]},{"@type":"BreadcrumbList","@id":"https:\/\/hotelcondesdeharo.com\/fr\/bienvenidos-al-hotel-condes-haro\/#breadcrumb","itemListElement":[{"@type":"ListItem","position":1,"name":"Portada","item":"https:\/\/hotelcondesdeharo.com\/fr\/"},{"@type":"ListItem","position":2,"name":"BIENVENUE \u00c0 L&rsquo;H\u00d4TEL CONDES DE HARO"}]},{"@type":"WebSite","@id":"https:\/\/hotelcondesdeharo.com\/fr\/#website","url":"https:\/\/hotelcondesdeharo.com\/fr\/","name":"Hotel Condes de Haro en Logro\u00f1o","description":"Hotel en Logro\u00f1o","publisher":{"@id":"https:\/\/hotelcondesdeharo.com\/fr\/#organization"},"potentialAction":[{"@type":"SearchAction","target":{"@type":"EntryPoint","urlTemplate":"https:\/\/hotelcondesdeharo.com\/fr\/?s={search_term_string}"},"query-input":{"@type":"PropertyValueSpecification","valueRequired":true,"valueName":"search_term_string"}}],"inLanguage":"fr-FR"},{"@type":"Organization","@id":"https:\/\/hotelcondesdeharo.com\/fr\/#organization","name":"Hotel Condes de Haro en Logro\u00f1o","url":"https:\/\/hotelcondesdeharo.com\/fr\/","logo":{"@type":"ImageObject","inLanguage":"fr-FR","@id":"https:\/\/hotelcondesdeharo.com\/fr\/#\/schema\/logo\/image\/","url":"https:\/\/hotelcondesdeharo.com\/wp-content\/uploads\/2024\/09\/Hotel-Condes-de-Haro_ayudas-web__LOGO-HORIZONTAL_BLANCO.png","contentUrl":"https:\/\/hotelcondesdeharo.com\/wp-content\/uploads\/2024\/09\/Hotel-Condes-de-Haro_ayudas-web__LOGO-HORIZONTAL_BLANCO.png","width":444,"height":52,"caption":"Hotel Condes de Haro en Logro\u00f1o"},"image":{"@id":"https:\/\/hotelcondesdeharo.com\/fr\/#\/schema\/logo\/image\/"}}]}},"_links":{"self":[{"href":"https:\/\/hotelcondesdeharo.com\/fr\/wp-json\/wp\/v2\/pages\/6783","targetHints":{"allow":["GET"]}}],"collection":[{"href":"https:\/\/hotelcondesdeharo.com\/fr\/wp-json\/wp\/v2\/pages"}],"about":[{"href":"https:\/\/hotelcondesdeharo.com\/fr\/wp-json\/wp\/v2\/types\/page"}],"author":[{"embeddable":true,"href":"https:\/\/hotelcondesdeharo.com\/fr\/wp-json\/wp\/v2\/users\/1"}],"replies":[{"embeddable":true,"href":"https:\/\/hotelcondesdeharo.com\/fr\/wp-json\/wp\/v2\/comments?post=6783"}],"version-history":[{"count":1,"href":"https:\/\/hotelcondesdeharo.com\/fr\/wp-json\/wp\/v2\/pages\/6783\/revisions"}],"predecessor-version":[{"id":6784,"href":"https:\/\/hotelcondesdeharo.com\/fr\/wp-json\/wp\/v2\/pages\/6783\/revisions\/6784"}],"wp:attachment":[{"href":"https:\/\/hotelcondesdeharo.com\/fr\/wp-json\/wp\/v2\/media?parent=6783"}],"curies":[{"name":"wp","href":"https:\/\/api.w.org\/{rel}","templated":true}]}}