{"id":6785,"date":"2024-10-15T13:45:36","date_gmt":"2024-10-15T13:45:36","guid":{"rendered":"https:\/\/hotelcondesdeharo.com\/contacto\/"},"modified":"2024-11-20T09:15:17","modified_gmt":"2024-11-20T09:15:17","slug":"contacto","status":"publish","type":"page","link":"https:\/\/hotelcondesdeharo.com\/fr\/contacto\/","title":{"rendered":"CONTACT"},"content":{"rendered":"\t\t<div data-elementor-type=\"wp-page\" data-elementor-id=\"6785\" class=\"elementor elementor-6785 elementor-2852\">\n\t\t\t\t\t\t<section class=\"elementor-section elementor-top-section elementor-element elementor-element-ca1656d elementor-section-height-min-height cs-section-content-fullwidth cs-parallax-on-scroll cs_scroll_y_100 elementor-section-boxed elementor-section-height-default elementor-section-items-middle\" data-id=\"ca1656d\" data-element_type=\"section\" data-settings=\"{&quot;background_background&quot;:&quot;classic&quot;}\" data-cs-parallax-y=\"100\" style=\"background-image: none;\" data-cs-background-image=\"https:\/\/hotelcondesdeharo.com\/wp-content\/uploads\/2024\/10\/IMG_20240910_122322-1.jpg\">\n\t\t\t\t\t\t\t<div class=\"elementor-background-overlay\"><\/div>\n\t\t\t\t\t\t\t<div class=\"elementor-container elementor-column-gap-no\">\n\t\t\t\t\t<div class=\"elementor-column elementor-col-100 elementor-top-column elementor-element elementor-element-6b2c1df dark-color\" data-id=\"6b2c1df\" data-element_type=\"column\">\n\t\t\t<div class=\"elementor-widget-wrap elementor-element-populated\">\n\t\t\t\t\t\t<div class=\"elementor-element elementor-element-ed3f97e elementor-widget elementor-widget-cs_title\" data-id=\"ed3f97e\" data-element_type=\"widget\" data-widget_type=\"cs_title.default\">\n\t\t\t\t<div class=\"elementor-widget-container\">\n\t\t\t\n        <div class=\"cs-title-wrap text-center\">\t            <div class=\"cs-subtitle-wrap\"><span class=\"cs-subtitle color-white\">Ravis de vous accueillir !\n\n\n\n\n<\/span><\/div>\t            <h1 class=\"cs-title color-white\">\n\t                Si vous avez le moindre doute, dites-nous en quoi nous pouvons vous aider.\n\n\n\t            <\/h1>\t            <div class=\"cs-title-text\">\n\t                Pour les r\u00e9servations et les questions, appelez-nous ou \u00e9crivez-nous.\n\n\n\n\n\t            <\/div>        <\/div>\t\t<\/div>\n\t\t\t\t<\/div>\n\t\t\t\t\t<\/div>\n\t\t<\/div>\n\t\t\t\t\t<\/div>\n\t\t<\/section>\n\t\t\t\t<section class=\"elementor-section elementor-top-section elementor-element elementor-element-ac9ba41 elementor-section-full_width elementor-section-content-middle elementor-section-height-default elementor-section-height-default\" data-id=\"ac9ba41\" data-element_type=\"section\">\n\t\t\t\t\t\t<div class=\"elementor-container elementor-column-gap-no\">\n\t\t\t\t\t<div class=\"elementor-column elementor-col-50 elementor-top-column elementor-element elementor-element-a9f3bc2\" data-id=\"a9f3bc2\" data-element_type=\"column\">\n\t\t\t<div class=\"elementor-widget-wrap elementor-element-populated\">\n\t\t\t\t\t\t<div class=\"elementor-element elementor-element-d6a0979 elementor-widget elementor-widget-cs_title\" data-id=\"d6a0979\" data-element_type=\"widget\" data-widget_type=\"cs_title.default\">\n\t\t\t\t<div class=\"elementor-widget-container\">\n\t\t\t\n        <div class=\"cs-title-wrap\">\t            <div class=\"cs-subtitle-wrap\"><span class=\"cs-subtitle\">CONTACT<\/span><\/div>\t            <h5 class=\"cs-title\">\n\t                Hotel Condes de Haro\t            <\/h5>\t            <div class=\"cs-title-text\">\n\t                <p><a href=\"https:\/\/www.google.com\/maps\/place\/C.+Saturnino+Ulargui,+6,+26001+Logro%C3%B1o,+La+Rioja\/@42.4653985,-2.4542414,17z\/data=!3m1!4b1!4m6!3m5!1s0xd5aab48183afaef:0xb39ed484e2210f71!8m2!3d42.4653985!4d-2.4516665!16s%2Fg%2F11bzz_f2cg?entry=ttu&amp;g_ep=EgoyMDI0MTAwNS4yIKXMDSoASAFQAw%3D%3D\">Rue Saturnino Ulargui, 6 \u00b7 Logro\u00f1o (La Rioja)<\/a><\/p><p><strong>T\u00e9l\u00e9phone: <a href=\"tel:941208500\">+34 941 208 500<\/a><\/strong><br \/><strong>Email:<\/strong> <a href=\"mailto:reservas@hotelcondesdeharo.com\">reservas@hotelcondesdeharo.com<\/a><\/p>\t            <\/div>        <\/div>\t\t<\/div>\n\t\t\t\t<\/div>\n\t\t\t\t<div class=\"elementor-element elementor-element-27ae3a6 elementor-widget-divider--view-line elementor-widget elementor-widget-divider\" data-id=\"27ae3a6\" data-element_type=\"widget\" data-widget_type=\"divider.default\">\n\t\t\t\t<div class=\"elementor-widget-container\">\n\t\t\t\t\t<div class=\"elementor-divider\">\n\t\t\t<span class=\"elementor-divider-separator\">\n\t\t\t\t\t\t<\/span>\n\t\t<\/div>\n\t\t\t\t<\/div>\n\t\t\t\t<\/div>\n\t\t\t\t<div class=\"elementor-element elementor-element-8524712 elementor-widget elementor-widget-cs_title\" data-id=\"8524712\" data-element_type=\"widget\" data-widget_type=\"cs_title.default\">\n\t\t\t\t<div class=\"elementor-widget-container\">\n\t\t\t\n        <div class=\"cs-title-wrap\">\t            <div class=\"cs-subtitle-wrap\"><span class=\"cs-subtitle\">Acc\u00e8s par l'Avenue du Portugal, apr\u00e8s le n\u00ba37, premi\u00e8re rue \u00e0 droite<br>\n<br>\nAcc\u00e8s par Benem\u00e9rito Cuerpo de la Guardia Civil : DIRECTION INTERDITE.\n\n\n\n\n<\/span><\/div>        <\/div>\t\t<\/div>\n\t\t\t\t<\/div>\n\t\t\t\t\t<\/div>\n\t\t<\/div>\n\t\t\t\t<div class=\"elementor-column elementor-col-50 elementor-top-column elementor-element elementor-element-a630739\" data-id=\"a630739\" data-element_type=\"column\" data-settings=\"{&quot;background_background&quot;:&quot;classic&quot;}\">\n\t\t\t<div class=\"elementor-widget-wrap elementor-element-populated\">\n\t\t\t\t\t\t<section class=\"elementor-section elementor-inner-section elementor-element elementor-element-1165b93 elementor-section-boxed elementor-section-height-default elementor-section-height-default\" data-id=\"1165b93\" data-element_type=\"section\" data-settings=\"{&quot;background_background&quot;:&quot;classic&quot;}\">\n\t\t\t\t\t\t<div class=\"elementor-container elementor-column-gap-no\">\n\t\t\t\t\t<div class=\"elementor-column elementor-col-100 elementor-inner-column elementor-element elementor-element-c8421f3\" data-id=\"c8421f3\" data-element_type=\"column\">\n\t\t\t<div class=\"elementor-widget-wrap elementor-element-populated\">\n\t\t\t\t\t\t<div class=\"elementor-element elementor-element-ee636a2 elementor-widget elementor-widget-cs_title\" data-id=\"ee636a2\" data-element_type=\"widget\" data-widget_type=\"cs_title.default\">\n\t\t\t\t<div class=\"elementor-widget-container\">\n\t\t\t\n        <div class=\"cs-title-wrap\">\t            <div class=\"cs-subtitle-wrap\"><span class=\"cs-subtitle\">\u00bfHaces las maletas y nos vemos?<\/span><\/div>\t            <h5 class=\"cs-title\">\n\t                Rellena el formulario, y contactaremos lo antes posible.\t            <\/h5>        <\/div>\t\t<\/div>\n\t\t\t\t<\/div>\n\t\t\t\t<div class=\"elementor-element elementor-element-c3de893 elementor-widget elementor-widget-shortcode\" data-id=\"c3de893\" data-element_type=\"widget\" data-widget_type=\"shortcode.default\">\n\t\t\t\t<div class=\"elementor-widget-container\">\n\t\t\t\t\t<div class=\"elementor-shortcode\"><p class=\"wpcf7-contact-form-not-found\"><strong>Erreur\u00a0:<\/strong> Formulaire de contact non trouv\u00e9\u00a0!<\/p><\/div>\n\t\t\t\t<\/div>\n\t\t\t\t<\/div>\n\t\t\t\t<div class=\"elementor-element elementor-element-bf299a4 elementor-widget elementor-widget-text-editor\" data-id=\"bf299a4\" data-element_type=\"widget\" data-widget_type=\"text-editor.default\">\n\t\t\t\t<div class=\"elementor-widget-container\">\n\t\t\t\t\t\t\t<p>De conformidad con lo dispuesto en el Reglamento (UE) 2016\/679, de 27 de abril, relativo a la protecci\u00f3n de las personas f\u00edsicas en lo que respecta al tratamiento de datos personales y a la libre circulaci\u00f3n de estos, le informamos que los datos que nos facilite a trav\u00e9s del presente formulario ser\u00e1n incorporados al sistema de tratamiento titularidad de OHCANSA URBANA SL. para la gesti\u00f3n de las solicitudes de informaci\u00f3n que se realizan a trav\u00e9s del mismo.\u00a0<\/p><p>Podr\u00e1 ejercitar sus derechos en materia de protecci\u00f3n de datos\u00a0 mediante solicitud escrita al Responsable de Tratamiento.\u00a0\u00a0<\/p><p>Para m\u00e1s informaci\u00f3n consultar nuestra <a href=\"\/politica-de-privacidad\/\">Pol\u00edtica de Privacidad<\/a>.\u00a0<\/p>\t\t\t\t\t\t<\/div>\n\t\t\t\t<\/div>\n\t\t\t\t\t<\/div>\n\t\t<\/div>\n\t\t\t\t\t<\/div>\n\t\t<\/section>\n\t\t\t\t\t<\/div>\n\t\t<\/div>\n\t\t\t\t\t<\/div>\n\t\t<\/section>\n\t\t\t\t<\/div>\n\t\t","protected":false},"excerpt":{"rendered":"<p>Ravis de vous accueillir ! Si vous avez le moindre doute, dites-nous en quoi nous pouvons vous aider. Pour les r\u00e9servations et les questions, appelez-nous ou \u00e9crivez-nous. CONTACT Hotel Condes de Haro Rue Saturnino Ulargui, 6 \u00b7 Logro\u00f1o (La Rioja) T\u00e9l\u00e9phone: +34 941 208 500Email: reservas@hotelcondesdeharo.com Acc\u00e8s par l&rsquo;Avenue du Portugal, apr\u00e8s le n\u00ba37, premi\u00e8re &#8230;<\/p>\n","protected":false},"author":1,"featured_media":0,"parent":0,"menu_order":0,"comment_status":"closed","ping_status":"closed","template":"elementor_header_footer","meta":{"cozystay_single_page_hide_site_header":"","cozystay_single_page_site_header_source":"","cozystay_single_page_custom_site_header":"0","cozystay_single_page_custom_sticky_site_header":"0","cozystay_single_page_hide_page_title":"on","cozystay_single_page_header_section_size":"","cozystay_single_page_header_background_color":"","cozystay_single_page_header_background_position_x":"center","cozystay_single_page_header_background_position_y":"center","cozystay_single_page_header_background_size":"cover","cozystay_single_page_header_background_repeat":"off","cozystay_single_page_header_background_scroll":"on","cozystay_single_page_header_text_color":"","cozystay_single_page_header_show_breadcrumb":"","cozystay_single_page_site_footer_hide_main":"","cozystay_single_custom_site_footer_main_source":"","cozystay_single_custom_site_footer_main":"0","cozystay_single_page_site_footer_hide_above":"","cozystay_single_custom_site_footer_above_source":"","cozystay_single_custom_site_footer_above":"0","cozystay_single_page_site_footer_hide_instagram":"","cozystay_single_page_site_footer_hide_bottom":"","cozystay_single_custom_mobile_menu_source":"","cozystay_single_custom_mobile_menu":"0","cozystay_single_custom_mobile_menu_animation":"","cozystay_single_custom_mobile_menu_width":"","cozystay_single_custom_mobile_menu_custom_width":375,"footnotes":""},"class_list":["post-6785","page","type-page","status-publish","hentry"],"yoast_head":"<!-- This site is optimized with the Yoast SEO plugin v23.9 - https:\/\/yoast.com\/wordpress\/plugins\/seo\/ -->\n<title>CONTACT - Hotel Condes de Haro en Logro\u00f1o<\/title>\n<meta name=\"robots\" content=\"index, follow, max-snippet:-1, max-image-preview:large, max-video-preview:-1\" \/>\n<link rel=\"canonical\" href=\"https:\/\/hotelcondesdeharo.com\/fr\/contacto\/\" \/>\n<meta property=\"og:locale\" content=\"fr_FR\" \/>\n<meta property=\"og:type\" content=\"article\" \/>\n<meta property=\"og:title\" content=\"CONTACT - Hotel Condes de Haro en Logro\u00f1o\" \/>\n<meta property=\"og:description\" content=\"Ravis de vous accueillir ! Si vous avez le moindre doute, dites-nous en quoi nous pouvons vous aider. Pour les r\u00e9servations et les questions, appelez-nous ou \u00e9crivez-nous. CONTACT Hotel Condes de Haro Rue Saturnino Ulargui, 6 \u00b7 Logro\u00f1o (La Rioja) T\u00e9l\u00e9phone: +34 941 208 500Email: reservas@hotelcondesdeharo.com Acc\u00e8s par l&rsquo;Avenue du Portugal, apr\u00e8s le n\u00ba37, premi\u00e8re ...\" \/>\n<meta property=\"og:url\" content=\"https:\/\/hotelcondesdeharo.com\/fr\/contacto\/\" \/>\n<meta property=\"og:site_name\" content=\"Hotel Condes de Haro en Logro\u00f1o\" \/>\n<meta property=\"article:modified_time\" content=\"2024-11-20T09:15:17+00:00\" \/>\n<meta name=\"twitter:card\" content=\"summary_large_image\" \/>\n<meta name=\"twitter:label1\" content=\"Dur\u00e9e de lecture estim\u00e9e\" \/>\n\t<meta name=\"twitter:data1\" content=\"1 minute\" \/>\n<script type=\"application\/ld+json\" class=\"yoast-schema-graph\">{\"@context\":\"https:\/\/schema.org\",\"@graph\":[{\"@type\":\"WebPage\",\"@id\":\"https:\/\/hotelcondesdeharo.com\/fr\/contacto\/\",\"url\":\"https:\/\/hotelcondesdeharo.com\/fr\/contacto\/\",\"name\":\"CONTACT - Hotel Condes de Haro en Logro\u00f1o\",\"isPartOf\":{\"@id\":\"https:\/\/hotelcondesdeharo.com\/fr\/#website\"},\"datePublished\":\"2024-10-15T13:45:36+00:00\",\"dateModified\":\"2024-11-20T09:15:17+00:00\",\"breadcrumb\":{\"@id\":\"https:\/\/hotelcondesdeharo.com\/fr\/contacto\/#breadcrumb\"},\"inLanguage\":\"fr-FR\",\"potentialAction\":[{\"@type\":\"ReadAction\",\"target\":[\"https:\/\/hotelcondesdeharo.com\/fr\/contacto\/\"]}]},{\"@type\":\"BreadcrumbList\",\"@id\":\"https:\/\/hotelcondesdeharo.com\/fr\/contacto\/#breadcrumb\",\"itemListElement\":[{\"@type\":\"ListItem\",\"position\":1,\"name\":\"Portada\",\"item\":\"https:\/\/hotelcondesdeharo.com\/fr\/\"},{\"@type\":\"ListItem\",\"position\":2,\"name\":\"CONTACT\"}]},{\"@type\":\"WebSite\",\"@id\":\"https:\/\/hotelcondesdeharo.com\/fr\/#website\",\"url\":\"https:\/\/hotelcondesdeharo.com\/fr\/\",\"name\":\"Hotel Condes de Haro en Logro\u00f1o\",\"description\":\"Hotel en Logro\u00f1o\",\"publisher\":{\"@id\":\"https:\/\/hotelcondesdeharo.com\/fr\/#organization\"},\"potentialAction\":[{\"@type\":\"SearchAction\",\"target\":{\"@type\":\"EntryPoint\",\"urlTemplate\":\"https:\/\/hotelcondesdeharo.com\/fr\/?s={search_term_string}\"},\"query-input\":{\"@type\":\"PropertyValueSpecification\",\"valueRequired\":true,\"valueName\":\"search_term_string\"}}],\"inLanguage\":\"fr-FR\"},{\"@type\":\"Organization\",\"@id\":\"https:\/\/hotelcondesdeharo.com\/fr\/#organization\",\"name\":\"Hotel Condes de Haro en Logro\u00f1o\",\"url\":\"https:\/\/hotelcondesdeharo.com\/fr\/\",\"logo\":{\"@type\":\"ImageObject\",\"inLanguage\":\"fr-FR\",\"@id\":\"https:\/\/hotelcondesdeharo.com\/fr\/#\/schema\/logo\/image\/\",\"url\":\"https:\/\/hotelcondesdeharo.com\/wp-content\/uploads\/2024\/09\/Hotel-Condes-de-Haro_ayudas-web__LOGO-HORIZONTAL_BLANCO.png\",\"contentUrl\":\"https:\/\/hotelcondesdeharo.com\/wp-content\/uploads\/2024\/09\/Hotel-Condes-de-Haro_ayudas-web__LOGO-HORIZONTAL_BLANCO.png\",\"width\":444,\"height\":52,\"caption\":\"Hotel Condes de Haro en Logro\u00f1o\"},\"image\":{\"@id\":\"https:\/\/hotelcondesdeharo.com\/fr\/#\/schema\/logo\/image\/\"}}]}<\/script>\n<!-- \/ Yoast SEO plugin. -->","yoast_head_json":{"title":"CONTACT - Hotel Condes de Haro en Logro\u00f1o","robots":{"index":"index","follow":"follow","max-snippet":"max-snippet:-1","max-image-preview":"max-image-preview:large","max-video-preview":"max-video-preview:-1"},"canonical":"https:\/\/hotelcondesdeharo.com\/fr\/contacto\/","og_locale":"fr_FR","og_type":"article","og_title":"CONTACT - Hotel Condes de Haro en Logro\u00f1o","og_description":"Ravis de vous accueillir ! Si vous avez le moindre doute, dites-nous en quoi nous pouvons vous aider. Pour les r\u00e9servations et les questions, appelez-nous ou \u00e9crivez-nous. CONTACT Hotel Condes de Haro Rue Saturnino Ulargui, 6 \u00b7 Logro\u00f1o (La Rioja) T\u00e9l\u00e9phone: +34 941 208 500Email: reservas@hotelcondesdeharo.com Acc\u00e8s par l&rsquo;Avenue du Portugal, apr\u00e8s le n\u00ba37, premi\u00e8re ...","og_url":"https:\/\/hotelcondesdeharo.com\/fr\/contacto\/","og_site_name":"Hotel Condes de Haro en Logro\u00f1o","article_modified_time":"2024-11-20T09:15:17+00:00","twitter_card":"summary_large_image","twitter_misc":{"Dur\u00e9e de lecture estim\u00e9e":"1 minute"},"schema":{"@context":"https:\/\/schema.org","@graph":[{"@type":"WebPage","@id":"https:\/\/hotelcondesdeharo.com\/fr\/contacto\/","url":"https:\/\/hotelcondesdeharo.com\/fr\/contacto\/","name":"CONTACT - Hotel Condes de Haro en Logro\u00f1o","isPartOf":{"@id":"https:\/\/hotelcondesdeharo.com\/fr\/#website"},"datePublished":"2024-10-15T13:45:36+00:00","dateModified":"2024-11-20T09:15:17+00:00","breadcrumb":{"@id":"https:\/\/hotelcondesdeharo.com\/fr\/contacto\/#breadcrumb"},"inLanguage":"fr-FR","potentialAction":[{"@type":"ReadAction","target":["https:\/\/hotelcondesdeharo.com\/fr\/contacto\/"]}]},{"@type":"BreadcrumbList","@id":"https:\/\/hotelcondesdeharo.com\/fr\/contacto\/#breadcrumb","itemListElement":[{"@type":"ListItem","position":1,"name":"Portada","item":"https:\/\/hotelcondesdeharo.com\/fr\/"},{"@type":"ListItem","position":2,"name":"CONTACT"}]},{"@type":"WebSite","@id":"https:\/\/hotelcondesdeharo.com\/fr\/#website","url":"https:\/\/hotelcondesdeharo.com\/fr\/","name":"Hotel Condes de Haro en Logro\u00f1o","description":"Hotel en Logro\u00f1o","publisher":{"@id":"https:\/\/hotelcondesdeharo.com\/fr\/#organization"},"potentialAction":[{"@type":"SearchAction","target":{"@type":"EntryPoint","urlTemplate":"https:\/\/hotelcondesdeharo.com\/fr\/?s={search_term_string}"},"query-input":{"@type":"PropertyValueSpecification","valueRequired":true,"valueName":"search_term_string"}}],"inLanguage":"fr-FR"},{"@type":"Organization","@id":"https:\/\/hotelcondesdeharo.com\/fr\/#organization","name":"Hotel Condes de Haro en Logro\u00f1o","url":"https:\/\/hotelcondesdeharo.com\/fr\/","logo":{"@type":"ImageObject","inLanguage":"fr-FR","@id":"https:\/\/hotelcondesdeharo.com\/fr\/#\/schema\/logo\/image\/","url":"https:\/\/hotelcondesdeharo.com\/wp-content\/uploads\/2024\/09\/Hotel-Condes-de-Haro_ayudas-web__LOGO-HORIZONTAL_BLANCO.png","contentUrl":"https:\/\/hotelcondesdeharo.com\/wp-content\/uploads\/2024\/09\/Hotel-Condes-de-Haro_ayudas-web__LOGO-HORIZONTAL_BLANCO.png","width":444,"height":52,"caption":"Hotel Condes de Haro en Logro\u00f1o"},"image":{"@id":"https:\/\/hotelcondesdeharo.com\/fr\/#\/schema\/logo\/image\/"}}]}},"_links":{"self":[{"href":"https:\/\/hotelcondesdeharo.com\/fr\/wp-json\/wp\/v2\/pages\/6785","targetHints":{"allow":["GET"]}}],"collection":[{"href":"https:\/\/hotelcondesdeharo.com\/fr\/wp-json\/wp\/v2\/pages"}],"about":[{"href":"https:\/\/hotelcondesdeharo.com\/fr\/wp-json\/wp\/v2\/types\/page"}],"author":[{"embeddable":true,"href":"https:\/\/hotelcondesdeharo.com\/fr\/wp-json\/wp\/v2\/users\/1"}],"replies":[{"embeddable":true,"href":"https:\/\/hotelcondesdeharo.com\/fr\/wp-json\/wp\/v2\/comments?post=6785"}],"version-history":[{"count":4,"href":"https:\/\/hotelcondesdeharo.com\/fr\/wp-json\/wp\/v2\/pages\/6785\/revisions"}],"predecessor-version":[{"id":6790,"href":"https:\/\/hotelcondesdeharo.com\/fr\/wp-json\/wp\/v2\/pages\/6785\/revisions\/6790"}],"wp:attachment":[{"href":"https:\/\/hotelcondesdeharo.com\/fr\/wp-json\/wp\/v2\/media?parent=6785"}],"curies":[{"name":"wp","href":"https:\/\/api.w.org\/{rel}","templated":true}]}}