{"id":6824,"date":"2024-10-29T09:23:36","date_gmt":"2024-10-29T09:23:36","guid":{"rendered":"https:\/\/hotelcondesdeharo.com\/politica-de-cookies\/"},"modified":"2024-11-20T11:25:34","modified_gmt":"2024-11-20T11:25:34","slug":"politica-de-cookies","status":"publish","type":"page","link":"https:\/\/hotelcondesdeharo.com\/fr\/politica-de-cookies\/","title":{"rendered":"POLITIQUE DE COOKIES"},"content":{"rendered":"\t\t<div data-elementor-type=\"wp-page\" data-elementor-id=\"6824\" class=\"elementor elementor-6824 elementor-4342\">\n\t\t\t\t<div class=\"elementor-element elementor-element-11bc624 e-flex e-con-boxed e-con e-parent\" data-id=\"11bc624\" data-element_type=\"container\">\n\t\t\t\t\t<div class=\"e-con-inner\">\n\t\t\t\t<div class=\"elementor-element elementor-element-a31381d elementor-widget elementor-widget-spacer\" data-id=\"a31381d\" data-element_type=\"widget\" data-widget_type=\"spacer.default\">\n\t\t\t\t<div class=\"elementor-widget-container\">\n\t\t\t\t\t<div class=\"elementor-spacer\">\n\t\t\t<div class=\"elementor-spacer-inner\"><\/div>\n\t\t<\/div>\n\t\t\t\t<\/div>\n\t\t\t\t<\/div>\n\t\t\t\t\t<\/div>\n\t\t\t\t<\/div>\n\t\t<div class=\"elementor-element elementor-element-25c6fa3 e-flex e-con-boxed e-con e-parent\" data-id=\"25c6fa3\" data-element_type=\"container\">\n\t\t\t\t\t<div class=\"e-con-inner\">\n\t\t\t\t<div class=\"elementor-element elementor-element-4561013 elementor-widget elementor-widget-text-editor\" data-id=\"4561013\" data-element_type=\"widget\" data-widget_type=\"text-editor.default\">\n\t\t\t\t<div class=\"elementor-widget-container\">\n\t\t\t\t\t\t\t<p>Pol\u00edtica de Cookies<\/p>\t\t\t\t\t\t<\/div>\n\t\t\t\t<\/div>\n\t\t\t\t\t<\/div>\n\t\t\t\t<\/div>\n\t\t<div class=\"elementor-element elementor-element-d78f5ea e-flex e-con-boxed e-con e-parent\" data-id=\"d78f5ea\" data-element_type=\"container\">\n\t\t\t\t\t<div class=\"e-con-inner\">\n\t\t\t\t<div class=\"elementor-element elementor-element-06cc1b1 elementor-widget-divider--view-line elementor-widget elementor-widget-divider\" data-id=\"06cc1b1\" data-element_type=\"widget\" data-widget_type=\"divider.default\">\n\t\t\t\t<div class=\"elementor-widget-container\">\n\t\t\t\t\t<div class=\"elementor-divider\">\n\t\t\t<span class=\"elementor-divider-separator\">\n\t\t\t\t\t\t<\/span>\n\t\t<\/div>\n\t\t\t\t<\/div>\n\t\t\t\t<\/div>\n\t\t\t\t<div class=\"elementor-element elementor-element-03c9b39 elementor-widget elementor-widget-text-editor\" data-id=\"03c9b39\" data-element_type=\"widget\" data-widget_type=\"text-editor.default\">\n\t\t\t\t<div class=\"elementor-widget-container\">\n\t\t\t\t\t\t\t<p><strong>INFORMATION SUR LES COOKIES<\/strong><\/p><p>En raison de l&rsquo;entr\u00e9e en vigueur de la modification de la \u00ab\u00a0Loi sur les services de la soci\u00e9t\u00e9 de l&rsquo;information\u00a0\u00bb (LSSICE) \u00e9tablie par le d\u00e9cret royal 13\/2012, il est obligatoire d&rsquo;obtenir le consentement explicite de l&rsquo;utilisateur de tous les sites Web qui utilisent des cookies non essentiels, avant que ce dernier ne les utilise.<\/p><p><strong>QU&rsquo;EST-CE QUE LES COOKIES ?<\/strong> Les cookies et autres technologies similaires telles que les objets locaux partag\u00e9s, les cookies flash ou les pixels, sont des outils utilis\u00e9s par les serveurs Web pour stocker et r\u00e9cup\u00e9rer des informations concernant leurs visiteurs, ainsi que pour assurer le bon fonctionnement du site. Gr\u00e2ce \u00e0 l&rsquo;utilisation de ces dispositifs, le serveur Web peut se souvenir de certaines informations concernant l&rsquo;utilisateur, telles que ses pr\u00e9f\u00e9rences d&rsquo;affichage des pages du serveur, son nom et son mot de passe, les produits qui l&rsquo;int\u00e9ressent, etc.<\/p><p><strong>COOKIES AFFECT\u00c9S PAR LA R\u00c9GLEMENTATION ET COOKIES EXEMPT\u00c9S<\/strong> Conform\u00e9ment \u00e0 la directive de l&rsquo;UE, les cookies n\u00e9cessitant le consentement \u00e9clair\u00e9 de l&rsquo;utilisateur sont les cookies analytiques et ceux li\u00e9s \u00e0 la publicit\u00e9 et \u00e0 l&rsquo;affiliation. Sont exempt\u00e9s ceux \u00e0 caract\u00e8re technique et ceux n\u00e9cessaires au fonctionnement du site Web ou \u00e0 la fourniture de services express\u00e9ment demand\u00e9s par l&rsquo;utilisateur.<\/p><p><strong>TYPES DE COOKIES SELON LA FINALIT\u00c9<\/strong><\/p><ul><li><strong>Cookies techniques et fonctionnels<\/strong> : Ces cookies permettent \u00e0 l&rsquo;utilisateur de naviguer sur un site Web, une plateforme ou une application et d&rsquo;utiliser les diff\u00e9rentes options ou services disponibles.<\/li><li><strong>Cookies analytiques<\/strong> : Ces cookies permettent \u00e0 l&rsquo;administrateur de suivre et d&rsquo;analyser le comportement des utilisateurs sur les sites Web. Les informations recueillies sont utilis\u00e9es pour mesurer l&rsquo;activit\u00e9 des sites Web et pour am\u00e9liorer l&rsquo;exp\u00e9rience utilisateur en fonction de l&rsquo;analyse de ces donn\u00e9es.<\/li><li><strong>Cookies publicitaires<\/strong> : Ces cookies permettent de g\u00e9rer les espaces publicitaires de mani\u00e8re efficace sur les sites Web en fonction de crit\u00e8res comme le contenu ou la fr\u00e9quence d&rsquo;affichage des annonces.<\/li><li><strong>Cookies de publicit\u00e9 comportementale<\/strong> : Ces cookies recueillent des informations sur les pr\u00e9f\u00e9rences et choix personnels de l&rsquo;utilisateur (retargeting) pour g\u00e9rer de mani\u00e8re optimale les espaces publicitaires.<\/li><li><strong>Cookies sociaux<\/strong> : Ces cookies sont \u00e9tablis par les plateformes de r\u00e9seaux sociaux pour permettre le partage de contenu avec les amis et r\u00e9seaux sociaux.<\/li><li><strong>Cookies d&rsquo;affiliation<\/strong> : Ces cookies permettent de suivre les visites provenant d&rsquo;autres sites Web avec lesquels un contrat d&rsquo;affiliation a \u00e9t\u00e9 \u00e9tabli.<\/li><li><strong>Cookies de s\u00e9curit\u00e9<\/strong> : Ces cookies stockent des informations chiffr\u00e9es pour emp\u00eacher que les donn\u00e9es enregistr\u00e9es ne soient vuln\u00e9rables aux attaques malveillantes.<\/li><\/ul><p><strong>SELON LA PROPRI\u00c9T\u00c9<\/strong><\/p><ul><li><strong>Cookies propres<\/strong> : Ce sont les cookies envoy\u00e9s sur l&rsquo;\u00e9quipement terminal de l&rsquo;utilisateur depuis un \u00e9quipement ou un domaine g\u00e9r\u00e9 par l&rsquo;\u00e9diteur du site.<\/li><li><strong>Cookies tiers<\/strong> : Ce sont les cookies envoy\u00e9s depuis un \u00e9quipement ou un domaine qui n&rsquo;est pas g\u00e9r\u00e9 par l&rsquo;\u00e9diteur, mais par une autre entit\u00e9 traitant les donn\u00e9es obtenues via les cookies.<\/li><\/ul><p><strong>SELON LA DUR\u00c9E DE CONSERVATION<\/strong><\/p><ul><li><strong>Cookies de session<\/strong> : Ce sont des cookies con\u00e7us pour recueillir et stocker des donn\u00e9es pendant que l&rsquo;utilisateur acc\u00e8de \u00e0 un site Web.<\/li><li><strong>Cookies persistants<\/strong> : Ces cookies restent stock\u00e9s dans le terminal et peuvent \u00eatre consult\u00e9s et trait\u00e9s pendant une p\u00e9riode d\u00e9finie par le responsable des cookies, qui peut varier de quelques minutes \u00e0 plusieurs ann\u00e9es.<\/li><\/ul><p><strong>TRAITEMENT DES DONN\u00c9ES PERSONNELLES<\/strong> OHCANSA URBANA S.L. est responsable du traitement des donn\u00e9es personnelles de l&rsquo;int\u00e9ress\u00e9, conform\u00e9ment au r\u00e8glement (UE) 2016\/679, du 27 avril 2016 (RGPD). Les informations suivantes sont fournies concernant le traitement :<\/p><ul><li><strong>Objectifs du traitement<\/strong> : Comme sp\u00e9cifi\u00e9 dans la section des cookies utilis\u00e9s sur ce site.<\/li><li><strong>Base l\u00e9gale<\/strong> : Consentement de l&rsquo;int\u00e9ress\u00e9 (art. 6.1 du RGPD).<\/li><li><strong>Conservation des donn\u00e9es<\/strong> : Comme sp\u00e9cifi\u00e9 dans la section des cookies utilis\u00e9s.<\/li><li><strong>Communication des donn\u00e9es<\/strong> : Les donn\u00e9es ne seront pas transmises \u00e0 des tiers, sauf dans le cas des cookies tiers ou pour des obligations l\u00e9gales.<\/li><li><strong>Droits de l&rsquo;int\u00e9ress\u00e9<\/strong> : Droit de retirer son consentement, droit d&rsquo;acc\u00e8s, de rectification, de portabilit\u00e9 et de suppression de ses donn\u00e9es, ainsi que de limitation ou d&rsquo;opposition au traitement. Droit de d\u00e9poser une r\u00e9clamation aupr\u00e8s de l&rsquo;autorit\u00e9 de contr\u00f4le (<a href=\"http:\/\/www.aepd.es\" target=\"_new\" rel=\"noopener\">www.aepd.es<\/a>).<\/li><li><strong>Coordonn\u00e9es pour exercer vos droits<\/strong> : OHCANSA URBANA S.L. CALLE ERMITAGA\u00d1A 3, PAMPLONA.<\/li><\/ul><p><strong>COOKIES UTILIS\u00c9S SUR CE SITE WEB<\/strong><\/p><ul><li><strong>Cookies contr\u00f4l\u00e9s par l&rsquo;\u00e9diteur<\/strong><ul><li><strong>Cookies techniques et fonctionnels<\/strong> : n\u00e9cessaires pour l&rsquo;utilisation des options et services du site Web.<\/li><li><strong>Cookies analytiques<\/strong> : pour identifier et analyser les utilisateurs.<\/li><li><strong>Cookies publicitaires<\/strong> : pour la gestion de la publicit\u00e9 et la personnalisation des annonces.<\/li><\/ul><\/li><li><strong>Cookies de tiers<\/strong><ul><li>Fournisseurs externes tels que Google Analytics, Google, PHP.net.<\/li><\/ul><\/li><\/ul><p><strong>PANNEAU DE CONFIGURATION DES COOKIES<\/strong> \u00c0 partir de ce panneau, vous pouvez configurer les cookies que le site Web peut installer sur votre navigateur, \u00e0 l&rsquo;exception des cookies techniques ou fonctionnels n\u00e9cessaires \u00e0 la navigation et \u00e0 l&rsquo;utilisation des diff\u00e9rents services propos\u00e9s.<\/p><p><strong>COMMENT G\u00c9RER LES COOKIES DANS LE NAVIGATEUR<\/strong><\/p><ul><li><strong>Supprimer les cookies<\/strong> : Les cookies d\u00e9j\u00e0 pr\u00e9sents sur un appareil peuvent \u00eatre supprim\u00e9s en effa\u00e7ant l&rsquo;historique du navigateur.<\/li><li><strong>G\u00e9rer les cookies sp\u00e9cifiques du site<\/strong> : Vous pouvez ajuster la configuration de confidentialit\u00e9 et des cookies dans votre navigateur pour avoir un contr\u00f4le plus pr\u00e9cis.<\/li><li><strong>Bloquer les cookies<\/strong> : Bien que la plupart des navigateurs modernes permettent de bloquer l&rsquo;installation de cookies, cela peut obliger \u00e0 ajuster manuellement certaines pr\u00e9f\u00e9rences chaque fois que vous visitez un site.<\/li><\/ul><p><strong>COMMENT SUPPRIMER LES COOKIES DES NAVIGATEURS LES PLUS COURANTS<\/strong><\/p><ul><li>Chrome, Internet Explorer, Firefox, Safari, Opera.<\/li><\/ul><h2><br \/><br \/><\/h2>\t\t\t\t\t\t<\/div>\n\t\t\t\t<\/div>\n\t\t\t\t<div class=\"elementor-element elementor-element-d7a358f elementor-widget-divider--view-line elementor-widget elementor-widget-divider\" data-id=\"d7a358f\" data-element_type=\"widget\" data-widget_type=\"divider.default\">\n\t\t\t\t<div class=\"elementor-widget-container\">\n\t\t\t\t\t<div class=\"elementor-divider\">\n\t\t\t<span class=\"elementor-divider-separator\">\n\t\t\t\t\t\t<\/span>\n\t\t<\/div>\n\t\t\t\t<\/div>\n\t\t\t\t<\/div>\n\t\t\t\t\t<\/div>\n\t\t\t\t<\/div>\n\t\t\t\t<\/div>\n\t\t","protected":false},"excerpt":{"rendered":"<p>Pol\u00edtica de Cookies INFORMATION SUR LES COOKIES En raison de l&rsquo;entr\u00e9e en vigueur de la modification de la \u00ab\u00a0Loi sur les services de la soci\u00e9t\u00e9 de l&rsquo;information\u00a0\u00bb (LSSICE) \u00e9tablie par le d\u00e9cret royal 13\/2012, il est obligatoire d&rsquo;obtenir le consentement explicite de l&rsquo;utilisateur de tous les sites Web qui utilisent des cookies non essentiels, avant &#8230;<\/p>\n","protected":false},"author":1,"featured_media":0,"parent":0,"menu_order":0,"comment_status":"closed","ping_status":"closed","template":"template-wide-content.php","meta":{"cozystay_single_page_hide_site_header":"","cozystay_single_page_site_header_source":"","cozystay_single_page_custom_site_header":"","cozystay_single_page_custom_sticky_site_header":"","cozystay_single_page_hide_page_title":"on","cozystay_single_page_header_section_size":"","cozystay_single_page_header_background_color":"","cozystay_single_page_header_background_position_x":"center","cozystay_single_page_header_background_position_y":"center","cozystay_single_page_header_background_size":"cover","cozystay_single_page_header_background_repeat":"off","cozystay_single_page_header_background_scroll":"on","cozystay_single_page_header_text_color":"","cozystay_single_page_header_show_breadcrumb":"","cozystay_single_page_site_footer_hide_main":"","cozystay_single_custom_site_footer_main_source":"","cozystay_single_custom_site_footer_main":"","cozystay_single_page_site_footer_hide_above":"","cozystay_single_custom_site_footer_above_source":"","cozystay_single_custom_site_footer_above":"","cozystay_single_page_site_footer_hide_instagram":"","cozystay_single_page_site_footer_hide_bottom":"","cozystay_single_custom_mobile_menu_source":"","cozystay_single_custom_mobile_menu":"","cozystay_single_custom_mobile_menu_animation":"","cozystay_single_custom_mobile_menu_width":"","cozystay_single_custom_mobile_menu_custom_width":375,"footnotes":""},"class_list":["post-6824","page","type-page","status-publish","hentry"],"yoast_head":"<!-- This site is optimized with the Yoast SEO plugin v23.9 - https:\/\/yoast.com\/wordpress\/plugins\/seo\/ -->\n<title>POLITIQUE DE COOKIES - Hotel Condes de Haro en Logro\u00f1o<\/title>\n<meta name=\"robots\" content=\"index, follow, max-snippet:-1, max-image-preview:large, max-video-preview:-1\" \/>\n<link rel=\"canonical\" href=\"https:\/\/hotelcondesdeharo.com\/fr\/politica-de-cookies\/\" \/>\n<meta property=\"og:locale\" content=\"fr_FR\" \/>\n<meta property=\"og:type\" content=\"article\" \/>\n<meta property=\"og:title\" content=\"POLITIQUE DE COOKIES - Hotel Condes de Haro en Logro\u00f1o\" \/>\n<meta property=\"og:description\" content=\"Pol\u00edtica de Cookies INFORMATION SUR LES COOKIES En raison de l&rsquo;entr\u00e9e en vigueur de la modification de la \u00ab\u00a0Loi sur les services de la soci\u00e9t\u00e9 de l&rsquo;information\u00a0\u00bb (LSSICE) \u00e9tablie par le d\u00e9cret royal 13\/2012, il est obligatoire d&rsquo;obtenir le consentement explicite de l&rsquo;utilisateur de tous les sites Web qui utilisent des cookies non essentiels, avant ...\" \/>\n<meta property=\"og:url\" content=\"https:\/\/hotelcondesdeharo.com\/fr\/politica-de-cookies\/\" \/>\n<meta property=\"og:site_name\" content=\"Hotel Condes de Haro en Logro\u00f1o\" \/>\n<meta property=\"article:modified_time\" content=\"2024-11-20T11:25:34+00:00\" \/>\n<meta name=\"twitter:card\" content=\"summary_large_image\" \/>\n<meta name=\"twitter:label1\" content=\"Dur\u00e9e de lecture estim\u00e9e\" \/>\n\t<meta name=\"twitter:data1\" content=\"5 minutes\" \/>\n<script type=\"application\/ld+json\" class=\"yoast-schema-graph\">{\"@context\":\"https:\/\/schema.org\",\"@graph\":[{\"@type\":\"WebPage\",\"@id\":\"https:\/\/hotelcondesdeharo.com\/fr\/politica-de-cookies\/\",\"url\":\"https:\/\/hotelcondesdeharo.com\/fr\/politica-de-cookies\/\",\"name\":\"POLITIQUE DE COOKIES - Hotel Condes de Haro en Logro\u00f1o\",\"isPartOf\":{\"@id\":\"https:\/\/hotelcondesdeharo.com\/fr\/#website\"},\"datePublished\":\"2024-10-29T09:23:36+00:00\",\"dateModified\":\"2024-11-20T11:25:34+00:00\",\"breadcrumb\":{\"@id\":\"https:\/\/hotelcondesdeharo.com\/fr\/politica-de-cookies\/#breadcrumb\"},\"inLanguage\":\"fr-FR\",\"potentialAction\":[{\"@type\":\"ReadAction\",\"target\":[\"https:\/\/hotelcondesdeharo.com\/fr\/politica-de-cookies\/\"]}]},{\"@type\":\"BreadcrumbList\",\"@id\":\"https:\/\/hotelcondesdeharo.com\/fr\/politica-de-cookies\/#breadcrumb\",\"itemListElement\":[{\"@type\":\"ListItem\",\"position\":1,\"name\":\"Portada\",\"item\":\"https:\/\/hotelcondesdeharo.com\/fr\/\"},{\"@type\":\"ListItem\",\"position\":2,\"name\":\"POLITIQUE DE COOKIES\"}]},{\"@type\":\"WebSite\",\"@id\":\"https:\/\/hotelcondesdeharo.com\/fr\/#website\",\"url\":\"https:\/\/hotelcondesdeharo.com\/fr\/\",\"name\":\"Hotel Condes de Haro en Logro\u00f1o\",\"description\":\"Hotel en Logro\u00f1o\",\"publisher\":{\"@id\":\"https:\/\/hotelcondesdeharo.com\/fr\/#organization\"},\"potentialAction\":[{\"@type\":\"SearchAction\",\"target\":{\"@type\":\"EntryPoint\",\"urlTemplate\":\"https:\/\/hotelcondesdeharo.com\/fr\/?s={search_term_string}\"},\"query-input\":{\"@type\":\"PropertyValueSpecification\",\"valueRequired\":true,\"valueName\":\"search_term_string\"}}],\"inLanguage\":\"fr-FR\"},{\"@type\":\"Organization\",\"@id\":\"https:\/\/hotelcondesdeharo.com\/fr\/#organization\",\"name\":\"Hotel Condes de Haro en Logro\u00f1o\",\"url\":\"https:\/\/hotelcondesdeharo.com\/fr\/\",\"logo\":{\"@type\":\"ImageObject\",\"inLanguage\":\"fr-FR\",\"@id\":\"https:\/\/hotelcondesdeharo.com\/fr\/#\/schema\/logo\/image\/\",\"url\":\"https:\/\/hotelcondesdeharo.com\/wp-content\/uploads\/2024\/09\/Hotel-Condes-de-Haro_ayudas-web__LOGO-HORIZONTAL_BLANCO.png\",\"contentUrl\":\"https:\/\/hotelcondesdeharo.com\/wp-content\/uploads\/2024\/09\/Hotel-Condes-de-Haro_ayudas-web__LOGO-HORIZONTAL_BLANCO.png\",\"width\":444,\"height\":52,\"caption\":\"Hotel Condes de Haro en Logro\u00f1o\"},\"image\":{\"@id\":\"https:\/\/hotelcondesdeharo.com\/fr\/#\/schema\/logo\/image\/\"}}]}<\/script>\n<!-- \/ Yoast SEO plugin. -->","yoast_head_json":{"title":"POLITIQUE DE COOKIES - Hotel Condes de Haro en Logro\u00f1o","robots":{"index":"index","follow":"follow","max-snippet":"max-snippet:-1","max-image-preview":"max-image-preview:large","max-video-preview":"max-video-preview:-1"},"canonical":"https:\/\/hotelcondesdeharo.com\/fr\/politica-de-cookies\/","og_locale":"fr_FR","og_type":"article","og_title":"POLITIQUE DE COOKIES - Hotel Condes de Haro en Logro\u00f1o","og_description":"Pol\u00edtica de Cookies INFORMATION SUR LES COOKIES En raison de l&rsquo;entr\u00e9e en vigueur de la modification de la \u00ab\u00a0Loi sur les services de la soci\u00e9t\u00e9 de l&rsquo;information\u00a0\u00bb (LSSICE) \u00e9tablie par le d\u00e9cret royal 13\/2012, il est obligatoire d&rsquo;obtenir le consentement explicite de l&rsquo;utilisateur de tous les sites Web qui utilisent des cookies non essentiels, avant ...","og_url":"https:\/\/hotelcondesdeharo.com\/fr\/politica-de-cookies\/","og_site_name":"Hotel Condes de Haro en Logro\u00f1o","article_modified_time":"2024-11-20T11:25:34+00:00","twitter_card":"summary_large_image","twitter_misc":{"Dur\u00e9e de lecture estim\u00e9e":"5 minutes"},"schema":{"@context":"https:\/\/schema.org","@graph":[{"@type":"WebPage","@id":"https:\/\/hotelcondesdeharo.com\/fr\/politica-de-cookies\/","url":"https:\/\/hotelcondesdeharo.com\/fr\/politica-de-cookies\/","name":"POLITIQUE DE COOKIES - Hotel Condes de Haro en Logro\u00f1o","isPartOf":{"@id":"https:\/\/hotelcondesdeharo.com\/fr\/#website"},"datePublished":"2024-10-29T09:23:36+00:00","dateModified":"2024-11-20T11:25:34+00:00","breadcrumb":{"@id":"https:\/\/hotelcondesdeharo.com\/fr\/politica-de-cookies\/#breadcrumb"},"inLanguage":"fr-FR","potentialAction":[{"@type":"ReadAction","target":["https:\/\/hotelcondesdeharo.com\/fr\/politica-de-cookies\/"]}]},{"@type":"BreadcrumbList","@id":"https:\/\/hotelcondesdeharo.com\/fr\/politica-de-cookies\/#breadcrumb","itemListElement":[{"@type":"ListItem","position":1,"name":"Portada","item":"https:\/\/hotelcondesdeharo.com\/fr\/"},{"@type":"ListItem","position":2,"name":"POLITIQUE DE COOKIES"}]},{"@type":"WebSite","@id":"https:\/\/hotelcondesdeharo.com\/fr\/#website","url":"https:\/\/hotelcondesdeharo.com\/fr\/","name":"Hotel Condes de Haro en Logro\u00f1o","description":"Hotel en Logro\u00f1o","publisher":{"@id":"https:\/\/hotelcondesdeharo.com\/fr\/#organization"},"potentialAction":[{"@type":"SearchAction","target":{"@type":"EntryPoint","urlTemplate":"https:\/\/hotelcondesdeharo.com\/fr\/?s={search_term_string}"},"query-input":{"@type":"PropertyValueSpecification","valueRequired":true,"valueName":"search_term_string"}}],"inLanguage":"fr-FR"},{"@type":"Organization","@id":"https:\/\/hotelcondesdeharo.com\/fr\/#organization","name":"Hotel Condes de Haro en Logro\u00f1o","url":"https:\/\/hotelcondesdeharo.com\/fr\/","logo":{"@type":"ImageObject","inLanguage":"fr-FR","@id":"https:\/\/hotelcondesdeharo.com\/fr\/#\/schema\/logo\/image\/","url":"https:\/\/hotelcondesdeharo.com\/wp-content\/uploads\/2024\/09\/Hotel-Condes-de-Haro_ayudas-web__LOGO-HORIZONTAL_BLANCO.png","contentUrl":"https:\/\/hotelcondesdeharo.com\/wp-content\/uploads\/2024\/09\/Hotel-Condes-de-Haro_ayudas-web__LOGO-HORIZONTAL_BLANCO.png","width":444,"height":52,"caption":"Hotel Condes de Haro en Logro\u00f1o"},"image":{"@id":"https:\/\/hotelcondesdeharo.com\/fr\/#\/schema\/logo\/image\/"}}]}},"_links":{"self":[{"href":"https:\/\/hotelcondesdeharo.com\/fr\/wp-json\/wp\/v2\/pages\/6824","targetHints":{"allow":["GET"]}}],"collection":[{"href":"https:\/\/hotelcondesdeharo.com\/fr\/wp-json\/wp\/v2\/pages"}],"about":[{"href":"https:\/\/hotelcondesdeharo.com\/fr\/wp-json\/wp\/v2\/types\/page"}],"author":[{"embeddable":true,"href":"https:\/\/hotelcondesdeharo.com\/fr\/wp-json\/wp\/v2\/users\/1"}],"replies":[{"embeddable":true,"href":"https:\/\/hotelcondesdeharo.com\/fr\/wp-json\/wp\/v2\/comments?post=6824"}],"version-history":[{"count":4,"href":"https:\/\/hotelcondesdeharo.com\/fr\/wp-json\/wp\/v2\/pages\/6824\/revisions"}],"predecessor-version":[{"id":6829,"href":"https:\/\/hotelcondesdeharo.com\/fr\/wp-json\/wp\/v2\/pages\/6824\/revisions\/6829"}],"wp:attachment":[{"href":"https:\/\/hotelcondesdeharo.com\/fr\/wp-json\/wp\/v2\/media?parent=6824"}],"curies":[{"name":"wp","href":"https:\/\/api.w.org\/{rel}","templated":true}]}}